{"id":2071,"date":"2016-09-05T15:45:00","date_gmt":"2016-09-05T19:45:00","guid":{"rendered":"https:\/\/www.aclu-nm.org\/get-legal-help\/"},"modified":"2016-09-05T15:45:00","modified_gmt":"2016-09-05T19:45:00","slug":"get-legal-help","status":"publish","type":"page","link":"https:\/\/www.aclu-nm.org\/es\/get-legal-help\/","title":{"rendered":"Get Legal Help"},"content":{"rendered":"<h2>TIPOS DE CASOS QUE LA ACLU GENERALMENTE NO ACEPTA<\/h2>\n<ul>\n<li>Casos relacionados con empleo,&nbsp;al menos que hay un asunto significante tratando con la Primera enmienda o asunto relacionado con discriminaci\u00f3n.<\/li>\n<li>Casos sobre beneficios p\u00fablicos negados&nbsp;tal como compensaci\u00f3n de trabajadores o Beneficios de desempleo.<\/li>\n<li>Casos criminales o quejas sobre un defensor p\u00fablico o un juez.<\/li>\n<li>Casos de ley familiar&nbsp;(como divorcio\/custodia de ni\u00f1os\/manutenci\u00f3n de ni\u00f1os)<\/li>\n<li>Casos de propietario-rentante.<\/li>\n<li>Casos que involucran a gobiernos&nbsp;tribunales.<\/li>\n<\/ul>\n<h2>QUE SON LOS TIPOS DE CAOS QUE SI PODEMOS TOMAR SI TENEMOS LOS RECURSOS NECESARIOS?<\/h2>\n<p><strong>La Libertad de Expresi\u00f3n y Prensa \u2013&nbsp;<\/strong>Por ejemplo: un estudiante es suspendido por escribir un art\u00edculo cr\u00edtico del principal; un oficial policiaco es disciplinado por hablar contra la brutalidad polic\u00edaca; a un grupo se le cobra por la protecci\u00f3n polic\u00edaca cuando aplica por un permiso de demostraci\u00f3n.<\/p>\n<p><strong>Derecho de Religi\u00f3n \u2013<\/strong>&nbsp;Esto involucra el derecho a los individuos de practicar su propia religi\u00f3n al igual que la separaci\u00f3n de la iglesia y el estado. Las escuelas y otras agencias p\u00fablicas no poden en ning\u00fan modo promover o patrocinar ideas religiosas.<\/p>\n<p><strong>Derecho a la Privacidad \u2013&nbsp;Por ejemplo:<\/strong> b\u00fasquedas y confiscaciones de propiedad personal sin tener puntos razonables para sospechar a la persona de un crimen.<\/p>\n<p><strong>Igualdad de Protecci\u00f3n\/Discriminaci\u00f3n \u2013&nbsp;<\/strong>Por ejemplo: un departamento del alguacil que se enfoca en arrestar a individuos Afro-Americanos.<\/p>\n<p><strong>Proceso Debido de la Ley \u2013&nbsp;Por ejemplo:<\/strong> a un grupo de la comunidad se le ha negado un permiso por la polic\u00eda y el pueblo no proporciona una manera de apelar la decisi\u00f3n de la polic\u00eda.<\/p>\n<h2>COMO LA ACLU DE NUEVO M\u00c9XICO ACEPTA CASOS<\/h2>\n<p>La ACLU generalmente toma casos que afectan las libertades civiles de un gran grupo de personas. Por favor sepa que, dado al alto volumen de quejas, nosotros solo tomamos un porcentaje peque\u00f1o de las quejas que recibimos.&nbsp;Si usted no escucha noticia de la ACLU-NM dentro de cuatro semanas de que lleno su queja, entonces nuestra carga es tan alta que desgraciadamente no nos es posible asistirle con su queja.&nbsp;En cuanto el tiempo y los recursos nos sean disponibles, trataremos de responder m\u00e1s a fondo a su queja y proporcionar otras opciones que usted pueda explorar.&nbsp;No podemos responder a llamadas telef\u00f3nicas respecto a el estado de su queja.<\/p>\n<p>Por favor tome nota que el recibo de su queja no implica que haya un acuerdo de que tomaremos pasos para representaci\u00f3n en su defensa. Si su asunto es urgente, por favor busque un asesor privado.<\/p>\n<h2>POR QUE PREFERIMOS CASOS SIN DISPUTAS BASADAS EN HECHOS<\/h2>\n<p>Tendemos a tomar los casos que no involucran disputas de hechos complicadas, preferimos tomar casos cuales el asunto es cuestionamiento de la ley. Hechos son considerados en disputa cuando usted tiene una versi\u00f3n de lo que sucedi\u00f3 y el otro partido(s) tiene una vista diferente. Un ejemplo de una disputa basada en hechos es un caco de discriminaci\u00f3n de empleo donde el empleador clama que despidi\u00f3 al empleado por su desempe\u00f1o bajo en su trabajo y tiene evidencia cre\u00edble para sostener ese reclamo. Las raz\u00f3n por la cual seguido decidimos no aceptar casos que involucran disputas basadas en hechos son: 1) Nuestros recursos son limitados (frecuentemente es caro comprobar un caso cual involucra disputas de hechos substanciales); 2) Pu\u00e9dase que una corte nunca alcance los asuntos legales de libertades civiles si se resuelven los hechos contra el cliente; 3) El case es menos probable de tener un impacto a lo ancho en otros si la decisi\u00f3n es fiada sobre los hechos espec\u00edficos de un caso.<\/p>\n<h2>PORQUE LA ACLU RECHAZA CASOS QUE CAEN DENTRO DE NUESTRAS NORMAS PARA ACEPTACI\u00d3N<\/h2>\n<p>Hay muchos cases de problemas injustos y de injusticia, de los cuales la ACLU simplemente no so puede encargar. Nosotros recibimos miles de pedidos para asistencia cada mes.&nbsp;Por lo tanto, no podemos aceptar todas las quejas que caen dentro de las normas discutidas arriba.&nbsp;En periodos ocupados, no podemos ni tomar casos grandes por nuestra falta de recursos.<\/p>\n<h2>PUEDE LA ACLU ACCESORIA SOBRE MI CASO?<\/h2>\n<p>La ACLU es incapaz de darle accesoria sobre su caso o proporcionar otros tipos de asistencia, (por ejemplo, la revisi\u00f3n de sus documentos o conducir un investigaci\u00f3n legal para asistirle), si no aceptamos su caso. Esta p\u00f3liza nos permite dirigir los recursos necesarios a esos casos que si aceptamos.<\/p>\n<h2>NOTA IMPORTANTE SOBRE FECHAS TOPES<\/h2>\n<p>Todos los reclamos legales tienen fechas de tope. Las fechas de tope pueden ser diferentes dependiendo en quien violo sus derechos y dependiendo en que derechos fueron violados. Por algunos tipos de violaciones, talvez usted necesita entablar una demanda con una agencia del gobierno antes de que pueda entablar un juicio por difamaci\u00f3n, y estas agencias usualmente tienen sus propias fechas de tope. La ACLU no puede darle accesoria sobre las fechas de tope que apliquen a su caso. Para proteger sus derechos, por favor consulte con un abogado puntualmente para saber que fechas de tope aplican a su caso.<\/p>\n<h2>OTROS RECURSOS EN NUEVO M\u00c9XICO<\/h2>\n<p>Lawyers Care\/State Bar of New Mexico Pro Bono\/Referral (ABQ): (505) 797-6050<\/p>\n<p>Lawyer Referral for the Elderly Program\/LREP (ABQ): (505) 797-6005\/1-800-876-6657<\/p>\n<p>Legal Aid Society of Albuquerque: (505) 243-7871<br \/>&nbsp;&nbsp;&nbsp;&nbsp;&nbsp;\u2013 Las Cruces: (575) 526-4451\/1-800-376-5727<br \/>&nbsp;&nbsp;&nbsp;&nbsp;&nbsp;\u2013 Southern NM Legal Services (Las Cruces): (575) 541-4800\/1-800-376-7665<\/p>\n<p>UNM School of Law--Clinical Law Program (ABQ): (505) 277-5265<\/p>\n<p>City of Abq. Human Rights Office: (505) 924-3380<\/p>\n<p>New Mexico Department of Labor, Human Rights Office (Santa Fe): (505) 827-6838<\/p>\n<p>Equal Employment Opportunity Commission\/EEOC (ABQ): (505) 248-5201<\/p>\n<p>Protection and Advocacy System, Inc. (Disabilities) (ABQ): (505) 256-3100<\/p>\n<p>Attorney General's Office-Consumer Protection Division: 1-800-678-1508<\/p>\n<h2>Cuestionario de Toma<\/h2>\n<p>Usted debe entender que al menos y hasta que la ACLU este de acuerdo en tomar su caso, \u00fanicamente usted es responsable por cualquier termino de prescripci\u00f3n o otra fecha de tope que pueda aplicar a sus situaci\u00f3n especifica.&nbsp;Si usted tiene preocupaciones sobre cualquier t\u00e9rmino de prescripci\u00f3n o si siente que su caso necesita atenci\u00f3n inmediata, pueda que usted desee buscar accesoria de un abogado.<\/p>\n<p>Por favor lea&nbsp;\"Como la ACLU de Nuevo M\u00e9xico acepta casos\"&nbsp;antes de archivar esta forma.<\/p>\n<p>&nbsp;<\/p>\n<p><strong><u><a class=\"more\" href=\"https:\/\/action.aclu.org\/legal-intake\/nm-formulario-de-queja\">Presentar una queja legal<\/a><\/u><\/strong><\/p>\n<p>&nbsp;<\/p>\n","protected":false},"excerpt":{"rendered":"<p>TIPOS DE CASOS QUE LA ACLU GENERALMENTE NO ACEPTA Casos relacionados con empleo,&nbsp;al menos que hay un asunto significante tratando con la Primera enmienda o asunto relacionado con discriminaci\u00f3n. Casos sobre beneficios p\u00fablicos negados&nbsp;tal como compensaci\u00f3n de trabajadores o Beneficios de desempleo. Casos criminales o quejas sobre un defensor p\u00fablico o un juez. Casos de [&hellip;]<\/p>\n","protected":false},"author":0,"featured_media":0,"parent":0,"menu_order":0,"comment_status":"closed","ping_status":"closed","template":"","meta":{"_acf_changed":false,"_relevanssi_hide_post":"","_relevanssi_hide_content":"","_relevanssi_pin_for_all":"","_relevanssi_pin_keywords":"","_relevanssi_unpin_keywords":"","_relevanssi_related_keywords":"","_relevanssi_related_include_ids":"","_relevanssi_related_exclude_ids":"","_relevanssi_related_no_append":"","_relevanssi_related_not_related":"","_relevanssi_related_posts":"","_relevanssi_noindex_reason":"","footnotes":""},"class_list":["post-2071","page","type-page","status-publish","hentry"],"acf":{"layout":"default","header-group":{"header-description":"","show-subnav":false,"hide-from-subnav":false},"components":[{"acf_fc_layout":"heading","heading":{"":null,"text":"TIPOS DE CASOS QUE LA ACLU GENERALMENTE NO ACEPTA","anchor":"","sub-heading":"","type":"h2","heading-style":"standard"}},{"acf_fc_layout":"text","text":{"text":"<ul><li>Casos relacionados con empleo, al menos que hay un asunto significante tratando con la Primera enmienda o asunto relacionado con discriminaci\u00f3n.<\/li><li>Casos sobre beneficios p\u00fablicos negados tal como compensaci\u00f3n de trabajadores o Beneficios de desempleo.<\/li><li>Casos criminales o quejas sobre un defensor p\u00fablico o un juez.<\/li><li>Casos de ley familiar (como divorcio\/custodia de ni\u00f1os\/manutenci\u00f3n de ni\u00f1os)<\/li><li>Casos de propietario-rentante.<\/li><li>Casos que involucran a gobiernos tribunales.<\/li><\/ul>"}},{"acf_fc_layout":"heading","heading":{"":null,"text":"QUE SON LOS TIPOS DE CAOS QUE SI PODEMOS TOMAR SI TENEMOS LOS RECURSOS NECESARIOS?","anchor":"","sub-heading":"","type":"h2","heading-style":"standard"}},{"acf_fc_layout":"text","text":{"text":"<strong>La Libertad de Expresi\u00f3n y Prensa \u2013 <\/strong>Por ejemplo: un estudiante es suspendido por escribir un art\u00edculo cr\u00edtico del principal; un oficial policiaco es disciplinado por hablar contra la brutalidad polic\u00edaca; a un grupo se le cobra por la protecci\u00f3n polic\u00edaca cuando aplica por un permiso de demostraci\u00f3n.\n\n<strong>Derecho de Religi\u00f3n \u2013<\/strong> Esto involucra el derecho a los individuos de practicar su propia religi\u00f3n al igual que la separaci\u00f3n de la iglesia y el estado. Las escuelas y otras agencias p\u00fablicas no poden en ning\u00fan modo promover o patrocinar ideas religiosas.\n\n<strong>Derecho a la Privacidad \u2013 Por ejemplo:<\/strong> b\u00fasquedas y confiscaciones de propiedad personal sin tener puntos razonables para sospechar a la persona de un crimen.\n\n<strong>Igualdad de Protecci\u00f3n\/Discriminaci\u00f3n \u2013 <\/strong>Por ejemplo: un departamento del alguacil que se enfoca en arrestar a individuos Afro-Americanos.\n\n<strong>Proceso Debido de la Ley \u2013 Por ejemplo:<\/strong> a un grupo de la comunidad se le ha negado un permiso por la polic\u00eda y el pueblo no proporciona una manera de apelar la decisi\u00f3n de la polic\u00eda."}},{"acf_fc_layout":"heading","heading":{"":null,"text":"COMO LA ACLU DE NUEVO M\u00c9XICO ACEPTA CASOS","anchor":"","sub-heading":"","type":"h2","heading-style":"standard"}},{"acf_fc_layout":"text","text":{"text":"La ACLU generalmente toma casos que afectan las libertades civiles de un gran grupo de personas. Por favor sepa que, dado al alto volumen de quejas, nosotros solo tomamos un porcentaje peque\u00f1o de las quejas que recibimos. Si usted no escucha noticia de la ACLU-NM dentro de cuatro semanas de que lleno su queja, entonces nuestra carga es tan alta que desgraciadamente no nos es posible asistirle con su queja. En cuanto el tiempo y los recursos nos sean disponibles, trataremos de responder m\u00e1s a fondo a su queja y proporcionar otras opciones que usted pueda explorar. No podemos responder a llamadas telef\u00f3nicas respecto a el estado de su queja.\n\nPor favor tome nota que el recibo de su queja no implica que haya un acuerdo de que tomaremos pasos para representaci\u00f3n en su defensa. Si su asunto es urgente, por favor busque un asesor privado."}},{"acf_fc_layout":"heading","heading":{"":null,"text":"POR QUE PREFERIMOS CASOS SIN DISPUTAS BASADAS EN HECHOS","anchor":"","sub-heading":"","type":"h2","heading-style":"standard"}},{"acf_fc_layout":"text","text":{"text":"Tendemos a tomar los casos que no involucran disputas de hechos complicadas, preferimos tomar casos cuales el asunto es cuestionamiento de la ley. Hechos son considerados en disputa cuando usted tiene una versi\u00f3n de lo que sucedi\u00f3 y el otro partido(s) tiene una vista diferente. Un ejemplo de una disputa basada en hechos es un caco de discriminaci\u00f3n de empleo donde el empleador clama que despidi\u00f3 al empleado por su desempe\u00f1o bajo en su trabajo y tiene evidencia cre\u00edble para sostener ese reclamo. Las raz\u00f3n por la cual seguido decidimos no aceptar casos que involucran disputas basadas en hechos son: 1) Nuestros recursos son limitados (frecuentemente es caro comprobar un caso cual involucra disputas de hechos substanciales); 2) Pu\u00e9dase que una corte nunca alcance los asuntos legales de libertades civiles si se resuelven los hechos contra el cliente; 3) El case es menos probable de tener un impacto a lo ancho en otros si la decisi\u00f3n es fiada sobre los hechos espec\u00edficos de un caso."}},{"acf_fc_layout":"heading","heading":{"":null,"text":"PORQUE LA ACLU RECHAZA CASOS QUE CAEN DENTRO DE NUESTRAS NORMAS PARA ACEPTACI\u00d3N","anchor":"","sub-heading":"","type":"h2","heading-style":"standard"}},{"acf_fc_layout":"text","text":{"text":"Hay muchos cases de problemas injustos y de injusticia, de los cuales la ACLU simplemente no so puede encargar. Nosotros recibimos miles de pedidos para asistencia cada mes. Por lo tanto, no podemos aceptar todas las quejas que caen dentro de las normas discutidas arriba. En periodos ocupados, no podemos ni tomar casos grandes por nuestra falta de recursos."}},{"acf_fc_layout":"heading","heading":{"":null,"text":"PUEDE LA ACLU ACCESORIA SOBRE MI CASO?","anchor":"","sub-heading":"","type":"h2","heading-style":"standard"}},{"acf_fc_layout":"text","text":{"text":"La ACLU es incapaz de darle accesoria sobre su caso o proporcionar otros tipos de asistencia, (por ejemplo, la revisi\u00f3n de sus documentos o conducir un investigaci\u00f3n legal para asistirle), si no aceptamos su caso. Esta p\u00f3liza nos permite dirigir los recursos necesarios a esos casos que si aceptamos."}},{"acf_fc_layout":"heading","heading":{"":null,"text":"NOTA IMPORTANTE SOBRE FECHAS TOPES","anchor":"","sub-heading":"","type":"h2","heading-style":"standard"}},{"acf_fc_layout":"text","text":{"text":"Todos los reclamos legales tienen fechas de tope. Las fechas de tope pueden ser diferentes dependiendo en quien violo sus derechos y dependiendo en que derechos fueron violados. Por algunos tipos de violaciones, talvez usted necesita entablar una demanda con una agencia del gobierno antes de que pueda entablar un juicio por difamaci\u00f3n, y estas agencias usualmente tienen sus propias fechas de tope. La ACLU no puede darle accesoria sobre las fechas de tope que apliquen a su caso. Para proteger sus derechos, por favor consulte con un abogado puntualmente para saber que fechas de tope aplican a su caso."}},{"acf_fc_layout":"heading","heading":{"":null,"text":"OTROS RECURSOS EN NUEVO M\u00c9XICO","anchor":"","sub-heading":"","type":"h2","heading-style":"standard"}},{"acf_fc_layout":"text","text":{"text":"Lawyers Care\/State Bar of New Mexico Pro Bono\/Referral (ABQ): (505) 797-6050\n\nLawyer Referral for the Elderly Program\/LREP (ABQ): (505) 797-6005\/1-800-876-6657\n\nLegal Aid Society of Albuquerque: (505) 243-7871<br>     \u2013 Las Cruces: (575) 526-4451\/1-800-376-5727<br>     \u2013 Southern NM Legal Services (Las Cruces): (575) 541-4800\/1-800-376-7665\n\nUNM School of Law--Clinical Law Program (ABQ): (505) 277-5265\n\nCity of Abq. Human Rights Office: (505) 924-3380\n\nNew Mexico Department of Labor, Human Rights Office (Santa Fe): (505) 827-6838\n\nEqual Employment Opportunity Commission\/EEOC (ABQ): (505) 248-5201\n\nProtection and Advocacy System, Inc. (Disabilities) (ABQ): (505) 256-3100\n\nAttorney General's Office-Consumer Protection Division: 1-800-678-1508"}},{"acf_fc_layout":"heading","heading":{"":null,"text":"Cuestionario de Toma","anchor":"","sub-heading":"","type":"h2","heading-style":"standard"}},{"acf_fc_layout":"text","text":{"text":"Usted debe entender que al menos y hasta que la ACLU este de acuerdo en tomar su caso, \u00fanicamente usted es responsable por cualquier termino de prescripci\u00f3n o otra fecha de tope que pueda aplicar a sus situaci\u00f3n especifica. Si usted tiene preocupaciones sobre cualquier t\u00e9rmino de prescripci\u00f3n o si siente que su caso necesita atenci\u00f3n inmediata, pueda que usted desee buscar accesoria de un abogado.\n\nPor favor lea \"Como la ACLU de Nuevo M\u00e9xico acepta casos\" antes de archivar esta forma.\n\n \n\n<strong><a class=\"more\" href=\"https:\/\/action.aclu.org\/legal-intake\/nm-formulario-de-queja\">Presentar una queja legal<\/a><\/strong>\n\n "}}],"section":null,"issues":null,"related_content":[],"documents":null},"yoast_head":"<!-- This site is optimized with the Yoast SEO plugin v24.9 - https:\/\/yoast.com\/wordpress\/plugins\/seo\/ -->\n<title>Get Legal Help - ACLU of New Mexico<\/title>\n<meta name=\"robots\" content=\"index, follow, max-snippet:-1, max-image-preview:large, max-video-preview:-1\" \/>\n<link rel=\"canonical\" href=\"http:\/\/www.aclu-nm.org\/es\/get-legal-help\/\" \/>\n<meta property=\"og:locale\" content=\"es_ES\" \/>\n<meta property=\"og:type\" content=\"article\" \/>\n<meta property=\"og:title\" content=\"Get Legal Help - ACLU of New Mexico\" \/>\n<meta property=\"og:description\" content=\"TIPOS DE CASOS QUE LA ACLU GENERALMENTE NO ACEPTA Casos relacionados con empleo,&nbsp;al menos que hay un asunto significante tratando con la Primera enmienda o asunto relacionado con discriminaci\u00f3n. Casos sobre beneficios p\u00fablicos negados&nbsp;tal como compensaci\u00f3n de trabajadores o Beneficios de desempleo. Casos criminales o quejas sobre un defensor p\u00fablico o un juez. Casos de [&hellip;]\" \/>\n<meta property=\"og:url\" content=\"https:\/\/www.aclu-nm.org\/es\/get-legal-help\/\" \/>\n<meta property=\"og:site_name\" content=\"ACLU of New Mexico\" \/>\n<meta property=\"og:image\" content=\"https:\/\/www.aclu-nm.org\/app\/themes\/aclu-parent\/img\/default_fb_share.jpg\" \/>\n<meta name=\"twitter:card\" content=\"summary_large_image\" \/>\n<script type=\"application\/ld+json\" class=\"yoast-schema-graph\">{\"@context\":\"https:\/\/schema.org\",\"@graph\":[{\"@type\":\"WebPage\",\"@id\":\"http:\/\/www.aclu-nm.org\/es\/get-legal-help\/\",\"url\":\"http:\/\/www.aclu-nm.org\/es\/get-legal-help\/\",\"name\":\"Get Legal Help - ACLU of New Mexico\",\"isPartOf\":{\"@id\":\"https:\/\/www.aclu-nm.org\/#website\"},\"datePublished\":\"2016-09-05T19:45:00+00:00\",\"inLanguage\":\"es-ES\",\"potentialAction\":[{\"@type\":\"ReadAction\",\"target\":[\"http:\/\/www.aclu-nm.org\/es\/get-legal-help\/\"]}]},{\"@type\":\"WebSite\",\"@id\":\"https:\/\/www.aclu-nm.org\/#website\",\"url\":\"https:\/\/www.aclu-nm.org\/\",\"name\":\"ACLU of New Mexico\",\"description\":\"\",\"publisher\":{\"@id\":\"https:\/\/www.aclu-nm.org\/#organization\"},\"potentialAction\":[{\"@type\":\"SearchAction\",\"target\":{\"@type\":\"EntryPoint\",\"urlTemplate\":\"https:\/\/www.aclu-nm.org\/?s={search_term_string}\"},\"query-input\":{\"@type\":\"PropertyValueSpecification\",\"valueRequired\":true,\"valueName\":\"search_term_string\"}}],\"inLanguage\":\"es-ES\"},{\"@type\":\"Organization\",\"@id\":\"https:\/\/www.aclu-nm.org\/#organization\",\"name\":\"ACLU of New Mexico\",\"url\":\"https:\/\/www.aclu-nm.org\/\",\"logo\":{\"@type\":\"ImageObject\",\"inLanguage\":\"es-ES\",\"@id\":\"https:\/\/www.aclu-nm.org\/#\/schema\/logo\/image\/\",\"url\":\"https:\/\/www.aclu-nm.org\/app\/uploads\/2025\/09\/ACLU-NewMexico_Color-Logo_RGB.png\",\"contentUrl\":\"https:\/\/www.aclu-nm.org\/app\/uploads\/2025\/09\/ACLU-NewMexico_Color-Logo_RGB.png\",\"width\":1066,\"height\":620,\"caption\":\"ACLU of New Mexico\"},\"image\":{\"@id\":\"https:\/\/www.aclu-nm.org\/#\/schema\/logo\/image\/\"}}]}<\/script>\n<!-- \/ Yoast SEO plugin. -->","yoast_head_json":{"title":"Get Legal Help - ACLU of New Mexico","robots":{"index":"index","follow":"follow","max-snippet":"max-snippet:-1","max-image-preview":"max-image-preview:large","max-video-preview":"max-video-preview:-1"},"canonical":"http:\/\/www.aclu-nm.org\/es\/get-legal-help\/","og_locale":"es_ES","og_type":"article","og_title":"Get Legal Help - ACLU of New Mexico","og_description":"TIPOS DE CASOS QUE LA ACLU GENERALMENTE NO ACEPTA Casos relacionados con empleo,&nbsp;al menos que hay un asunto significante tratando con la Primera enmienda o asunto relacionado con discriminaci\u00f3n. Casos sobre beneficios p\u00fablicos negados&nbsp;tal como compensaci\u00f3n de trabajadores o Beneficios de desempleo. Casos criminales o quejas sobre un defensor p\u00fablico o un juez. Casos de [&hellip;]","og_url":"https:\/\/www.aclu-nm.org\/es\/get-legal-help\/","og_site_name":"ACLU of New Mexico","og_image":[{"url":"https:\/\/www.aclu-nm.org\/app\/themes\/aclu-parent\/img\/default_fb_share.jpg","type":"","width":"","height":""}],"twitter_card":"summary_large_image","schema":{"@context":"https:\/\/schema.org","@graph":[{"@type":"WebPage","@id":"http:\/\/www.aclu-nm.org\/es\/get-legal-help\/","url":"http:\/\/www.aclu-nm.org\/es\/get-legal-help\/","name":"Get Legal Help - ACLU of New Mexico","isPartOf":{"@id":"https:\/\/www.aclu-nm.org\/#website"},"datePublished":"2016-09-05T19:45:00+00:00","inLanguage":"es-ES","potentialAction":[{"@type":"ReadAction","target":["http:\/\/www.aclu-nm.org\/es\/get-legal-help\/"]}]},{"@type":"WebSite","@id":"https:\/\/www.aclu-nm.org\/#website","url":"https:\/\/www.aclu-nm.org\/","name":"ACLU of New Mexico","description":"","publisher":{"@id":"https:\/\/www.aclu-nm.org\/#organization"},"potentialAction":[{"@type":"SearchAction","target":{"@type":"EntryPoint","urlTemplate":"https:\/\/www.aclu-nm.org\/?s={search_term_string}"},"query-input":{"@type":"PropertyValueSpecification","valueRequired":true,"valueName":"search_term_string"}}],"inLanguage":"es-ES"},{"@type":"Organization","@id":"https:\/\/www.aclu-nm.org\/#organization","name":"ACLU of New Mexico","url":"https:\/\/www.aclu-nm.org\/","logo":{"@type":"ImageObject","inLanguage":"es-ES","@id":"https:\/\/www.aclu-nm.org\/#\/schema\/logo\/image\/","url":"https:\/\/www.aclu-nm.org\/app\/uploads\/2025\/09\/ACLU-NewMexico_Color-Logo_RGB.png","contentUrl":"https:\/\/www.aclu-nm.org\/app\/uploads\/2025\/09\/ACLU-NewMexico_Color-Logo_RGB.png","width":1066,"height":620,"caption":"ACLU of New Mexico"},"image":{"@id":"https:\/\/www.aclu-nm.org\/#\/schema\/logo\/image\/"}}]}},"distributor_meta":false,"distributor_terms":false,"distributor_media":false,"distributor_original_site_name":"ACLU of New Mexico","distributor_original_site_url":"https:\/\/www.aclu-nm.org\/es\/","push-errors":false,"_links":{"self":[{"href":"https:\/\/www.aclu-nm.org\/es\/wp-json\/wp\/v2\/pages\/2071","targetHints":{"allow":["GET"]}}],"collection":[{"href":"https:\/\/www.aclu-nm.org\/es\/wp-json\/wp\/v2\/pages"}],"about":[{"href":"https:\/\/www.aclu-nm.org\/es\/wp-json\/wp\/v2\/types\/page"}],"replies":[{"embeddable":true,"href":"https:\/\/www.aclu-nm.org\/es\/wp-json\/wp\/v2\/comments?post=2071"}],"version-history":[{"count":0,"href":"https:\/\/www.aclu-nm.org\/es\/wp-json\/wp\/v2\/pages\/2071\/revisions"}],"wp:attachment":[{"href":"https:\/\/www.aclu-nm.org\/es\/wp-json\/wp\/v2\/media?parent=2071"}],"curies":[{"name":"wp","href":"https:\/\/api.w.org\/{rel}","templated":true}]}}